{"id":24,"date":"2017-06-14T13:05:44","date_gmt":"2017-06-14T10:05:44","guid":{"rendered":"http:\/\/basakproje.com\/?page_id=24"},"modified":"2023-12-26T14:30:56","modified_gmt":"2023-12-26T11:30:56","slug":"iletisim","status":"publish","type":"page","link":"https:\/\/basakproje.com\/index.php\/iletisim\/","title":{"rendered":"\u0130leti\u015fim"},"content":{"rendered":"<h3 style=\"text-align: center;\">\u0130LET\u0130\u015e\u0130M<\/h3>\n<h4 style=\"text-align: center;\">\u0130smet \u0130n\u00f6n\u00fc 1. cd Sa\u011fl\u0131k i\u015fhan\u0131 no:22 Kat:3 d:15<\/h4>\n<h4 style=\"text-align: center;\">Tepeba\u015f\u0131 \/ ESK\u0130\u015eEH\u0130R<\/h4>\n<h4 style=\"text-align: center;\"><strong>Bekir DO\u011eAN\u00a0\u00a0 0533 340 28 99<\/strong><\/h4>\n<h4 style=\"text-align: center;\"><strong>\u00d6zlem \u00d6ZKAN\u00a0\u00a0\u00a0\u00a0\u00a0 0532 454 40 04<\/strong><\/h4>\n<p>&nbsp;<\/p>\n<p><iframe loading=\"lazy\" style=\"border: 0;\" src=\"https:\/\/www.google.com\/maps\/embed?pb=!1m18!1m12!1m3!1d322.3059666042283!2d30.51581296480745!3d39.777634093349285!2m3!1f0!2f0!3f0!3m2!1i1024!2i768!4f13.1!3m3!1m2!1s0x14cc15e2acced573%3A0x86d37dd9014effb!2zSG_Fn251ZGl5ZSBNYWhhbGxlc2ksIMSwc21ldCDEsG7Dtm7DvCAxIENkLiwgMjYxMzAgVGVwZWJhxZ_EsS9Fc2tpxZ9laGly!5e0!3m2!1str!2str!4v1499539640325\" width=\"1200\" height=\"600\" frameborder=\"0\" allowfullscreen=\"allowfullscreen\"><\/iframe><\/p>\n","protected":false},"excerpt":{"rendered":"<p>\u0130LET\u0130\u015e\u0130M \u0130smet \u0130n\u00f6n\u00fc 1. cd Sa\u011fl\u0131k i\u015fhan\u0131 no:22 Kat:3 d:15 Tepeba\u015f\u0131 \/ ESK\u0130\u015eEH\u0130R Bekir DO\u011eAN\u00a0\u00a0 0533 340 28 99 \u00d6zlem \u00d6ZKAN\u00a0\u00a0\u00a0\u00a0\u00a0 0532 454 40 04 &nbsp;<\/p>\n","protected":false},"author":1,"featured_media":0,"parent":0,"menu_order":0,"comment_status":"closed","ping_status":"closed","template":"","meta":{"footnotes":""},"_links":{"self":[{"href":"https:\/\/basakproje.com\/index.php\/wp-json\/wp\/v2\/pages\/24"}],"collection":[{"href":"https:\/\/basakproje.com\/index.php\/wp-json\/wp\/v2\/pages"}],"about":[{"href":"https:\/\/basakproje.com\/index.php\/wp-json\/wp\/v2\/types\/page"}],"author":[{"embeddable":true,"href":"https:\/\/basakproje.com\/index.php\/wp-json\/wp\/v2\/users\/1"}],"replies":[{"embeddable":true,"href":"https:\/\/basakproje.com\/index.php\/wp-json\/wp\/v2\/comments?post=24"}],"version-history":[{"count":9,"href":"https:\/\/basakproje.com\/index.php\/wp-json\/wp\/v2\/pages\/24\/revisions"}],"predecessor-version":[{"id":163,"href":"https:\/\/basakproje.com\/index.php\/wp-json\/wp\/v2\/pages\/24\/revisions\/163"}],"wp:attachment":[{"href":"https:\/\/basakproje.com\/index.php\/wp-json\/wp\/v2\/media?parent=24"}],"curies":[{"name":"wp","href":"https:\/\/api.w.org\/{rel}","templated":true}]}}