{"id":40,"date":"2017-06-17T13:18:12","date_gmt":"2017-06-17T10:18:12","guid":{"rendered":"http:\/\/basakproje.com\/?page_id=40"},"modified":"2023-12-26T15:16:04","modified_gmt":"2023-12-26T12:16:04","slug":"basincli-sulama-sistemi-projeleri","status":"publish","type":"page","link":"https:\/\/basakproje.com\/index.php\/basincli-sulama-sistemi-projeleri\/","title":{"rendered":"Bas\u0131n\u00e7l\u0131 Sulama Sistemi Projeleri"},"content":{"rendered":"<h4 style=\"text-align: center;\"><strong><span style=\"color: #ff0000;\">2019 B\u0130REYSEL SULAMA S\u0130STEMLER\u0130 SON BA\u015eVURU TAR\u0130H\u0130<\/span><\/strong><\/h4>\n<h4 style=\"text-align: center;\"><strong><span style=\"color: #ff0000;\">1 MART 2019<\/span><\/strong><\/h4>\n<div class=\"panel-heading\">\n<h4 class=\"panel-title\"><img loading=\"lazy\" decoding=\"async\" class=\"alignnone size-medium wp-image-32\" src=\"http:\/\/basakproje.com\/wp-content\/uploads\/2017\/06\/basincli_sulama-300x200.jpg\" alt=\"\" width=\"300\" height=\"200\" srcset=\"https:\/\/basakproje.com\/wp-content\/uploads\/2017\/06\/basincli_sulama-300x200.jpg 300w, https:\/\/basakproje.com\/wp-content\/uploads\/2017\/06\/basincli_sulama.jpg 750w\" sizes=\"(max-width: 300px) 100vw, 300px\" \/><\/h4>\n<\/div>\n<div class=\"panel-body\">\n<p><strong>H\u0130ZMETLER\u0130M\u0130Z<\/strong><\/p>\n<p><strong>1. Ya\u011fmurlama Sulama<\/strong><\/p>\n<p><strong>2. Bublers Sulama<\/strong><\/p>\n<p><strong>3. Damla Sulama<\/strong><\/p>\n<p><strong>4. Drenaj<\/strong><\/p>\n<p><strong>5. Hibe, Kredi Ve Desteklerin Takibi<\/strong><\/p>\n<p>Firmam\u0131z her t\u00fcrl\u00fc arazinin bas\u0131n\u00e7l\u0131 sulamaya uygun \u015fekilde projelendirilmesi, arazi ke\u015ffi, fizibilite olu\u015fturulmas\u0131, planlanmas\u0131, anahtar teslimi yap\u0131lmas\u0131, yap\u0131mlar\u0131n\u0131n organize edilmesi, kredi\/finansman ve yat\u0131r\u0131m programlar\u0131n\u0131n yap\u0131lmas\u0131, y\u00f6nlendirilmesi, y\u00f6netilmesi i\u015fleriyle ilgilenir.<\/p>\n<p>T\u00fcm bas\u0131n\u00e7l\u0131 sulama uygulamalar\u0131nda;<\/p>\n<ul>\n<li>Et\u00fct<\/li>\n<li>Proje<\/li>\n<li>Uygulama<\/li>\n<\/ul>\n<p>hizmetleri sunmaktay\u0131z.<\/p>\n<p>Yap\u0131lan \u00e7al\u0131\u015fmalar bilimsel yakla\u015f\u0131mlar ve fen kaidelerine uygun olarak sonu\u00e7land\u0131r\u0131l\u0131r.<\/p>\n<p>Bu \u00e7er\u00e7evede, komple sulama sistemi tasar\u0131m\u0131, bitki su t\u00fcketimi hesaplamalar\u0131, hidrolik hesaplar, pompaj tesisi ve binas\u0131, su depolar\u0131, ak\u0131ll\u0131 sulama uygulamalar\u0131\u00a0gb sistemi tamamlay\u0131c\u0131 t\u00fcm bile\u015fenler firmam\u0131z taraf\u0131ndan projelendirilir<\/p>\n<p>&nbsp;<\/p>\n<p><strong>\u00a0Bas\u0131n\u00e7l\u0131 sulama sistemleri<\/strong><\/p>\n<p>Bilindi\u011fi gibi g\u00fcn\u00fcm\u00fczde su kaynaklar\u0131 son derece k\u0131s\u0131tl\u0131d\u0131r. Buna kar\u015f\u0131l\u0131k \u00e7e\u015fitli sekt\u00f6rlerdeki su kullan\u0131m\u0131 ve tar\u0131mda sulanacak alan talebi de \u00e7ok artm\u0131\u015ft\u0131r.<\/p>\n<p><strong>1. Ya\u011fmurlama sulama<\/strong><\/p>\n<p>Ya\u011fmurlama sulama y\u00f6nteminde arazi \u00fczerinde belirli aral\u0131klarla yerle\u015ftirilen ya\u011fmurlama ba\u015fl\u0131klar\u0131ndan bas\u0131n\u00e7 alt\u0131nda havaya verilen sulama suyu buradan arazi y\u00fczeyine d\u00fc\u015fer ve infiltrasyonla toprak i\u00e7erisine girerek bitki k\u00f6k b\u00f6lgesinde depolan\u0131r. Bu su uygulama bi\u00e7imi do\u011fal ya\u011f\u0131\u015fa benzedi\u011fi i\u00e7in ya\u011fmurlama y\u00f6ntemi ad\u0131n\u0131 alm\u0131\u015ft\u0131r. Suyun ba\u015fl\u0131klardan bas\u0131n\u00e7 alt\u0131nda verilmesi i\u00e7in bas\u0131n\u00e7l\u0131 bir boru sisteminin bulunmas\u0131 ve i\u015fletme bas\u0131nc\u0131n\u0131n ya pompa birimiyle ya da su kayna\u011f\u0131n\u0131n y\u00fcksekte olmas\u0131 \u015fekliyle yer\u00e7ekimiyle sa\u011flanmas\u0131 gerekmektedir.<\/p>\n<p><strong>2.Bublers sulama<\/strong><\/p>\n<p>Bublers sulama sistemi ba\u011f ve meyve bah\u00e7eleri i\u00e7in uygun olup di\u011fer tarla ziraati i\u00e7in uygun de\u011fildir. Tabii burada sulama i\u00e7in a\u011fa\u00e7 alt\u0131nda yer a\u00e7\u0131lmas\u0131 i\u00e7in biraz i\u015f\u00e7ilik gerekir. Ayr\u0131ca su verilen b\u00f6lgede olu\u015fan kaymak tabakas\u0131n\u0131n k\u0131r\u0131lmas\u0131 i\u00e7in zaman zaman kaymak tabakas\u0131n\u0131n k\u0131r\u0131lmas\u0131 i\u015flemini yapmak gerekecektir. Sistemin esas avantaj\u0131 \u00e7ok d\u00fc\u015f\u00fck i\u015fletme bas\u0131nc\u0131yla \u00e7al\u0131\u015fabilmesi ve t\u0131kanabilecek ve a\u015f\u0131nabilecek herhangi bir par\u00e7as\u0131n\u0131 olmamas\u0131, di\u011fer bir deyimle son derece basit ama fonksiyonel olmas\u0131d\u0131r.<\/p>\n<p><strong>3.Damla sulama<\/strong><\/p>\n<p>Damla sulama y\u00f6nteminde temel ilke, bitkide nem eksikli\u011finden kaynaklanan bir gerilim yaratmadan, her defas\u0131nda az miktarda sulama suyunu s\u0131k aral\u0131klarla yaln\u0131zca bitki k\u00f6klerinin geli\u015fti\u011fi ortama vermektir. Bu y\u00f6ntemde bazen her g\u00fcn, hatta g\u00fcnde birden fazla sulama yap\u0131labilmektedir. Damla sulama y\u00f6nteminde ar\u0131nd\u0131r\u0131lm\u0131\u015f su, bas\u0131n\u00e7l\u0131 bir boru a\u011f\u0131yla bitki yak\u0131n\u0131na yerle\u015ftirilen damlat\u0131c\u0131lara kadar iletilir ve damlat\u0131c\u0131lardan d\u00fc\u015f\u00fck bas\u0131n\u00e7 alt\u0131nda toprak y\u00fczeyine verilir. Su buradan infiltrasyonla toprak i\u00e7erisine girer, yer\u00e7ekimi ve kapillar kuvvetlerin etkisi ile bitki k\u00f6klerinin geli\u015fti\u011fi toprak hacmi \u0131slat\u0131r. Ba\u015fka bir deyi\u015fle, bu y\u00f6ntemde genellikle alan\u0131n tamam\u0131 \u0131slat\u0131lmaz. Bitki s\u0131ras\u0131 boyunca \u0131slak bir \u015ferit elde edilir ve bitki s\u0131ralar\u0131 aras\u0131nda \u0131slat\u0131lmayan kuru bir alan kal\u0131r. B\u00f6ylece, mevcut sulama suyundan en \u00fcst d\u00fczeyde yararlan\u0131l\u0131r. Damla sulama sistemi sabit sistem bi\u00e7imindedir. Sistem unsurlar\u0131, sulama mevsimi boyunca ayn\u0131 konumda kal\u0131rlar. Ancak, sulama mevsimi sonunda baz\u0131 unsurlar araziden kald\u0131r\u0131l\u0131r.<\/p>\n<p><strong>Damlama sulama, neden \u00f6nemli<\/strong><\/p>\n<p>Son g\u00fcnlerde s\u0131k s\u0131k g\u00fcndeme getirilen k\u00fcresel \u0131s\u0131nma ve iklim de\u011fi\u015fikli\u011fi sonucu ortaya \u00e7\u0131kan biyolojik ve hidrolojik kurakl\u0131\u011fa hepimiz \u015fahit oluyoruz. O zaman su kaynaklar\u0131m\u0131z\u0131 verimli kullanmak ve korumak mecburiyeti ortaya \u00e7\u0131kmaktad\u0131r. Kurakl\u0131\u011f\u0131n \u00f6n\u00fcne ge\u00e7menin tek yolunun suyun do\u011fru kullan\u0131m\u0131d\u0131r. Suyun do\u011fru kullan\u0131m\u0131 i\u00e7in gerekli olan modern tar\u0131msal sulama sistemi ise damlamad\u0131r.<\/p>\n<h4>\u0130smet \u0130n\u00f6n\u00fc 1. cd Sa\u011fl\u0131k i\u015fhan\u0131 no:22 Kat:3 d:15<\/h4>\n<h4>Tepeba\u015f\u0131 \/ ESK\u0130\u015eEH\u0130R<\/h4>\n<h4><strong>Bekir DO\u011eAN\u00a0\u00a0 0533 340 28 99<\/strong><\/h4>\n<h4><strong>\u00d6zlem \u00d6ZKAN\u00a0\u00a0\u00a0\u00a0\u00a0 0532 454 40 04<\/strong><\/h4>\n<\/div>\n","protected":false},"excerpt":{"rendered":"<p>2019 B\u0130REYSEL SULAMA S\u0130STEMLER\u0130 SON BA\u015eVURU TAR\u0130H\u0130 1 MART 2019 H\u0130ZMETLER\u0130M\u0130Z 1. Ya\u011fmurlama Sulama 2. Bublers Sulama 3. Damla Sulama 4. Drenaj 5. Hibe, Kredi Ve Desteklerin Takibi Firmam\u0131z her t\u00fcrl\u00fc arazinin bas\u0131n\u00e7l\u0131 sulamaya uygun \u015fekilde projelendirilmesi, arazi ke\u015ffi, fizibilite olu\u015fturulmas\u0131, planlanmas\u0131, anahtar teslimi yap\u0131lmas\u0131, yap\u0131mlar\u0131n\u0131n organize edilmesi, kredi\/finansman ve yat\u0131r\u0131m programlar\u0131n\u0131n yap\u0131lmas\u0131, y\u00f6nlendirilmesi, y\u00f6netilmesi [&hellip;]<\/p>\n","protected":false},"author":1,"featured_media":0,"parent":0,"menu_order":0,"comment_status":"closed","ping_status":"closed","template":"","meta":{"footnotes":""},"_links":{"self":[{"href":"https:\/\/basakproje.com\/index.php\/wp-json\/wp\/v2\/pages\/40"}],"collection":[{"href":"https:\/\/basakproje.com\/index.php\/wp-json\/wp\/v2\/pages"}],"about":[{"href":"https:\/\/basakproje.com\/index.php\/wp-json\/wp\/v2\/types\/page"}],"author":[{"embeddable":true,"href":"https:\/\/basakproje.com\/index.php\/wp-json\/wp\/v2\/users\/1"}],"replies":[{"embeddable":true,"href":"https:\/\/basakproje.com\/index.php\/wp-json\/wp\/v2\/comments?post=40"}],"version-history":[{"count":8,"href":"https:\/\/basakproje.com\/index.php\/wp-json\/wp\/v2\/pages\/40\/revisions"}],"predecessor-version":[{"id":166,"href":"https:\/\/basakproje.com\/index.php\/wp-json\/wp\/v2\/pages\/40\/revisions\/166"}],"wp:attachment":[{"href":"https:\/\/basakproje.com\/index.php\/wp-json\/wp\/v2\/media?parent=40"}],"curies":[{"name":"wp","href":"https:\/\/api.w.org\/{rel}","templated":true}]}}