{"id":45,"date":"2017-06-17T15:35:58","date_gmt":"2017-06-17T12:35:58","guid":{"rendered":"http:\/\/basakproje.com\/?page_id=45"},"modified":"2023-12-26T15:17:06","modified_gmt":"2023-12-26T12:17:06","slug":"bebka-projeleri","status":"publish","type":"page","link":"https:\/\/basakproje.com\/index.php\/bebka-projeleri\/","title":{"rendered":"Bebka Projeleri"},"content":{"rendered":"<p><img loading=\"lazy\" decoding=\"async\" class=\"alignnone size-medium wp-image-46\" src=\"http:\/\/basakproje.com\/wp-content\/uploads\/2017\/06\/bebka-300x121.jpg\" alt=\"\" width=\"300\" height=\"121\" srcset=\"https:\/\/basakproje.com\/wp-content\/uploads\/2017\/06\/bebka-300x121.jpg 300w, https:\/\/basakproje.com\/wp-content\/uploads\/2017\/06\/bebka.jpg 575w\" sizes=\"(max-width: 300px) 100vw, 300px\" \/><\/p>\n<p>&nbsp;<\/p>\n<p>BEBKA; Bursa, Eski\u015fehir ve Bilecik illerinde kamu, \u00f6zel sekt\u00f6r ve sivil toplum kurulu\u015flar\u0131 aras\u0131nda koordinasyon ve i\u015fbirli\u011fini geli\u015ftirerek kalk\u0131nmaya y\u00f6n veren, yerel sorunlara yine yerel odakl\u0131 \u00e7\u00f6z\u00fcmler sunan, kaynaklar\u0131n yerinde ve etkin kullan\u0131m\u0131yla s\u00fcrd\u00fcr\u00fclebilir kalk\u0131nmaya hizmet eden bir kurumdur.<\/p>\n<h4>\u0130smet \u0130n\u00f6n\u00fc 1. cd Sa\u011fl\u0131k i\u015fhan\u0131 no:22 Kat:3 d:15<\/h4>\n<h4>Tepeba\u015f\u0131 \/ ESK\u0130\u015eEH\u0130R<\/h4>\n<h4><strong>Bekir DO\u011eAN\u00a0\u00a0 0533 340 28 99<\/strong><\/h4>\n<h4><strong>\u00d6zlem \u00d6ZKAN\u00a0\u00a0\u00a0\u00a0\u00a0 0532 454 40 04<\/strong><\/h4>\n","protected":false},"excerpt":{"rendered":"<p>&nbsp; BEBKA; Bursa, Eski\u015fehir ve Bilecik illerinde kamu, \u00f6zel sekt\u00f6r ve sivil toplum kurulu\u015flar\u0131 aras\u0131nda koordinasyon ve i\u015fbirli\u011fini geli\u015ftirerek kalk\u0131nmaya y\u00f6n veren, yerel sorunlara yine yerel odakl\u0131 \u00e7\u00f6z\u00fcmler sunan, kaynaklar\u0131n yerinde ve etkin kullan\u0131m\u0131yla s\u00fcrd\u00fcr\u00fclebilir kalk\u0131nmaya hizmet eden bir kurumdur. \u0130smet \u0130n\u00f6n\u00fc 1. cd Sa\u011fl\u0131k i\u015fhan\u0131 no:22 Kat:3 d:15 Tepeba\u015f\u0131 \/ ESK\u0130\u015eEH\u0130R Bekir DO\u011eAN\u00a0\u00a0 0533 [&hellip;]<\/p>\n","protected":false},"author":1,"featured_media":0,"parent":0,"menu_order":0,"comment_status":"closed","ping_status":"closed","template":"","meta":{"footnotes":""},"_links":{"self":[{"href":"https:\/\/basakproje.com\/index.php\/wp-json\/wp\/v2\/pages\/45"}],"collection":[{"href":"https:\/\/basakproje.com\/index.php\/wp-json\/wp\/v2\/pages"}],"about":[{"href":"https:\/\/basakproje.com\/index.php\/wp-json\/wp\/v2\/types\/page"}],"author":[{"embeddable":true,"href":"https:\/\/basakproje.com\/index.php\/wp-json\/wp\/v2\/users\/1"}],"replies":[{"embeddable":true,"href":"https:\/\/basakproje.com\/index.php\/wp-json\/wp\/v2\/comments?post=45"}],"version-history":[{"count":5,"href":"https:\/\/basakproje.com\/index.php\/wp-json\/wp\/v2\/pages\/45\/revisions"}],"predecessor-version":[{"id":168,"href":"https:\/\/basakproje.com\/index.php\/wp-json\/wp\/v2\/pages\/45\/revisions\/168"}],"wp:attachment":[{"href":"https:\/\/basakproje.com\/index.php\/wp-json\/wp\/v2\/media?parent=45"}],"curies":[{"name":"wp","href":"https:\/\/api.w.org\/{rel}","templated":true}]}}