{"id":9,"date":"2017-06-14T12:33:21","date_gmt":"2017-06-14T09:33:21","guid":{"rendered":"http:\/\/basakproje.com\/?page_id=9"},"modified":"2023-12-26T15:15:55","modified_gmt":"2023-12-26T12:15:55","slug":"toprak-koruma-projeleri","status":"publish","type":"page","link":"https:\/\/basakproje.com\/index.php\/toprak-koruma-projeleri\/","title":{"rendered":"Toprak Koruma Projeleri"},"content":{"rendered":"<p><img loading=\"lazy\" decoding=\"async\" class=\"alignnone wp-image-73\" src=\"http:\/\/basakproje.com\/wp-content\/uploads\/2017\/06\/Toprak-Koruma-Projeleri-300x88.jpg\" alt=\"\" width=\"419\" height=\"123\" srcset=\"https:\/\/basakproje.com\/wp-content\/uploads\/2017\/06\/Toprak-Koruma-Projeleri-300x88.jpg 300w, https:\/\/basakproje.com\/wp-content\/uploads\/2017\/06\/Toprak-Koruma-Projeleri.jpg 680w\" sizes=\"(max-width: 419px) 100vw, 419px\" \/><\/p>\n<p>5403 say\u0131l\u0131 Toprak Koruma ve Arazi Kullan\u0131m\u0131 Kanunu ve kanuna ba\u011fl\u0131 olarak 15.12.2005 tarih ve 26024 say\u0131 ile yay\u0131mlanan Toprak Koruma ve Arazi Kullan\u0131m\u0131 Kanunu Uygulama Y\u00f6netmeli\u011fi \u2019nin 12. Maddesi gere\u011fince, kentsel yerle\u015fim ama\u00e7l\u0131 imar plan\u0131 bulunan yerler d\u0131\u015f\u0131nda, zorunlu olarak kaz\u0131 veya dolgu gerektiren herhangi bir arazi kullan\u0131m faaliyeti sonucu toprak kay\u0131plar\u0131 ve arazi bozulmalar\u0131 s\u00f6z konusu ise araziyi kullananlar taraf\u0131ndan toprak koruma projeleri haz\u0131rlan\u0131r veya haz\u0131rlatt\u0131r\u0131l\u0131r.<\/p>\n<p>Toprak Koruma ve Arazi Kullan\u0131m\u0131 Kanunu gere\u011fince zorunlu olan \u201cToprak Koruma Projeleri\u201d ile ilgili proje haz\u0131rlama konusunda TMMOB Ziraat M\u00fchendisleri Odas\u0131 Meslek \u0130\u00e7i E\u011fitim Merkezi\u2019nden e\u011fitimlerini alm\u0131\u015f olan uzman Ziraat M\u00fchendislerinden olu\u015fan kadromuzla \u201cToprak Koruma Projeleri\u201d haz\u0131rlamaktay\u0131z.<\/p>\n<p>Ayr\u0131nt\u0131lar i\u00e7in;<\/p>\n<h5>\u0130smet \u0130n\u00f6n\u00fc 1. cd Sa\u011fl\u0131k i\u015fhan\u0131 no:22 Kat3: d:15<\/h5>\n<h5>Tepeba\u015f\u0131 \/ ESK\u0130\u015eEH\u0130R<\/h5>\n<h4><strong>Bekir DO\u011eAN\u00a0\u00a0 0533 340 28 99<\/strong><\/h4>\n<h4><strong>\u00d6zlem \u00d6ZKAN\u00a0\u00a0\u00a0\u00a0\u00a0 0532 454 40 04<\/strong><\/h4>\n","protected":false},"excerpt":{"rendered":"<p>5403 say\u0131l\u0131 Toprak Koruma ve Arazi Kullan\u0131m\u0131 Kanunu ve kanuna ba\u011fl\u0131 olarak 15.12.2005 tarih ve 26024 say\u0131 ile yay\u0131mlanan Toprak Koruma ve Arazi Kullan\u0131m\u0131 Kanunu Uygulama Y\u00f6netmeli\u011fi \u2019nin 12. Maddesi gere\u011fince, kentsel yerle\u015fim ama\u00e7l\u0131 imar plan\u0131 bulunan yerler d\u0131\u015f\u0131nda, zorunlu olarak kaz\u0131 veya dolgu gerektiren herhangi bir arazi kullan\u0131m faaliyeti sonucu toprak kay\u0131plar\u0131 ve arazi [&hellip;]<\/p>\n","protected":false},"author":1,"featured_media":0,"parent":0,"menu_order":0,"comment_status":"closed","ping_status":"closed","template":"","meta":{"footnotes":""},"_links":{"self":[{"href":"https:\/\/basakproje.com\/index.php\/wp-json\/wp\/v2\/pages\/9"}],"collection":[{"href":"https:\/\/basakproje.com\/index.php\/wp-json\/wp\/v2\/pages"}],"about":[{"href":"https:\/\/basakproje.com\/index.php\/wp-json\/wp\/v2\/types\/page"}],"author":[{"embeddable":true,"href":"https:\/\/basakproje.com\/index.php\/wp-json\/wp\/v2\/users\/1"}],"replies":[{"embeddable":true,"href":"https:\/\/basakproje.com\/index.php\/wp-json\/wp\/v2\/comments?post=9"}],"version-history":[{"count":7,"href":"https:\/\/basakproje.com\/index.php\/wp-json\/wp\/v2\/pages\/9\/revisions"}],"predecessor-version":[{"id":167,"href":"https:\/\/basakproje.com\/index.php\/wp-json\/wp\/v2\/pages\/9\/revisions\/167"}],"wp:attachment":[{"href":"https:\/\/basakproje.com\/index.php\/wp-json\/wp\/v2\/media?parent=9"}],"curies":[{"name":"wp","href":"https:\/\/api.w.org\/{rel}","templated":true}]}}